{"id":3631,"date":"2024-04-13T09:31:11","date_gmt":"2024-04-13T09:31:11","guid":{"rendered":"https:\/\/tissellistudio.com\/about\/"},"modified":"2024-04-28T16:11:07","modified_gmt":"2024-04-28T16:11:07","slug":"about","status":"publish","type":"page","link":"https:\/\/tissellistudio.com\/en\/about\/","title":{"rendered":"About"},"content":{"rendered":"\t\t<div data-elementor-type=\"wp-page\" data-elementor-id=\"3631\" class=\"elementor elementor-3631 elementor-1910\" data-elementor-settings=\"{&quot;element_pack_global_tooltip_width&quot;:{&quot;unit&quot;:&quot;px&quot;,&quot;size&quot;:&quot;&quot;,&quot;sizes&quot;:[]},&quot;element_pack_global_tooltip_width_tablet_extra&quot;:{&quot;unit&quot;:&quot;px&quot;,&quot;size&quot;:&quot;&quot;,&quot;sizes&quot;:[]},&quot;element_pack_global_tooltip_width_tablet&quot;:{&quot;unit&quot;:&quot;px&quot;,&quot;size&quot;:&quot;&quot;,&quot;sizes&quot;:[]},&quot;element_pack_global_tooltip_width_mobile&quot;:{&quot;unit&quot;:&quot;px&quot;,&quot;size&quot;:&quot;&quot;,&quot;sizes&quot;:[]},&quot;element_pack_global_tooltip_padding&quot;:{&quot;unit&quot;:&quot;px&quot;,&quot;top&quot;:&quot;&quot;,&quot;right&quot;:&quot;&quot;,&quot;bottom&quot;:&quot;&quot;,&quot;left&quot;:&quot;&quot;,&quot;isLinked&quot;:true},&quot;element_pack_global_tooltip_padding_tablet_extra&quot;:{&quot;unit&quot;:&quot;px&quot;,&quot;top&quot;:&quot;&quot;,&quot;right&quot;:&quot;&quot;,&quot;bottom&quot;:&quot;&quot;,&quot;left&quot;:&quot;&quot;,&quot;isLinked&quot;:true},&quot;element_pack_global_tooltip_padding_tablet&quot;:{&quot;unit&quot;:&quot;px&quot;,&quot;top&quot;:&quot;&quot;,&quot;right&quot;:&quot;&quot;,&quot;bottom&quot;:&quot;&quot;,&quot;left&quot;:&quot;&quot;,&quot;isLinked&quot;:true},&quot;element_pack_global_tooltip_padding_mobile&quot;:{&quot;unit&quot;:&quot;px&quot;,&quot;top&quot;:&quot;&quot;,&quot;right&quot;:&quot;&quot;,&quot;bottom&quot;:&quot;&quot;,&quot;left&quot;:&quot;&quot;,&quot;isLinked&quot;:true},&quot;element_pack_global_tooltip_border_radius&quot;:{&quot;unit&quot;:&quot;px&quot;,&quot;top&quot;:&quot;&quot;,&quot;right&quot;:&quot;&quot;,&quot;bottom&quot;:&quot;&quot;,&quot;left&quot;:&quot;&quot;,&quot;isLinked&quot;:true},&quot;element_pack_global_tooltip_border_radius_tablet_extra&quot;:{&quot;unit&quot;:&quot;px&quot;,&quot;top&quot;:&quot;&quot;,&quot;right&quot;:&quot;&quot;,&quot;bottom&quot;:&quot;&quot;,&quot;left&quot;:&quot;&quot;,&quot;isLinked&quot;:true},&quot;element_pack_global_tooltip_border_radius_tablet&quot;:{&quot;unit&quot;:&quot;px&quot;,&quot;top&quot;:&quot;&quot;,&quot;right&quot;:&quot;&quot;,&quot;bottom&quot;:&quot;&quot;,&quot;left&quot;:&quot;&quot;,&quot;isLinked&quot;:true},&quot;element_pack_global_tooltip_border_radius_mobile&quot;:{&quot;unit&quot;:&quot;px&quot;,&quot;top&quot;:&quot;&quot;,&quot;right&quot;:&quot;&quot;,&quot;bottom&quot;:&quot;&quot;,&quot;left&quot;:&quot;&quot;,&quot;isLinked&quot;:true}}\" data-elementor-post-type=\"page\">\n\t\t\t\t<div class=\"elementor-element elementor-element-99658d6 e-con-full e-flex e-con e-parent\" data-id=\"99658d6\" data-element_type=\"container\" data-e-type=\"container\" data-settings=\"{&quot;background_background&quot;:&quot;classic&quot;,&quot;background_motion_fx_motion_fx_scrolling&quot;:&quot;yes&quot;,&quot;background_motion_fx_translateY_effect&quot;:&quot;yes&quot;,&quot;background_motion_fx_translateY_speed&quot;:{&quot;unit&quot;:&quot;px&quot;,&quot;size&quot;:4,&quot;sizes&quot;:[]},&quot;background_motion_fx_translateY_affectedRange&quot;:{&quot;unit&quot;:&quot;%&quot;,&quot;size&quot;:&quot;&quot;,&quot;sizes&quot;:{&quot;start&quot;:0,&quot;end&quot;:100}},&quot;background_motion_fx_devices&quot;:[&quot;desktop&quot;,&quot;tablet_extra&quot;,&quot;tablet&quot;,&quot;mobile&quot;]}\">\n\t\t\t\t<\/div>\n\t\t<div class=\"elementor-element elementor-element-6e141b5c e-flex e-con-boxed e-con e-parent\" data-id=\"6e141b5c\" data-element_type=\"container\" data-e-type=\"container\">\n\t\t\t\t\t<div class=\"e-con-inner\">\n\t\t<div class=\"elementor-element elementor-element-4aa2bf3e e-con-full e-flex elementor-invisible e-con e-child\" data-id=\"4aa2bf3e\" data-element_type=\"container\" data-e-type=\"container\" data-settings=\"{&quot;animation&quot;:&quot;fadeInUp&quot;}\">\n\t\t\t\t<div class=\"elementor-element elementor-element-43998dbb elementor-widget elementor-widget-heading\" data-id=\"43998dbb\" data-element_type=\"widget\" data-e-type=\"widget\" data-widget_type=\"heading.default\">\n\t\t\t\t<div class=\"elementor-widget-container\">\n\t\t\t\t\t<h1 class=\"elementor-heading-title elementor-size-default\">about<\/h1>\t\t\t\t<\/div>\n\t\t\t\t<\/div>\n\t\t\t\t<div class=\"elementor-element elementor-element-664f83b4 elementor-widget elementor-widget-text-editor\" data-id=\"664f83b4\" data-element_type=\"widget\" data-e-type=\"widget\" data-widget_type=\"text-editor.default\">\n\t\t\t\t<div class=\"elementor-widget-container\">\n\t\t\t\t\t\t\t\t\t<p><strong>tissellistudio<\/strong>architetti was founded in 1998 by the architect Filippo Tisselli, who was joined in 2001 by the architect Cinzia Mondello. Architect Marcin Dworzynski has been collaborating with the studio since 2011.<\/p>\n<p>Over the years, the studio has worked on a variety of projects ranging from residential buildings to the service industry, from interior architecture to design.<\/p>\n<p>Working in\/for the region, the studio is now a local business that has maintained a modest size typical of a provincial business as regards its internal organisational structure, but with a focus on merging years of experience and expertise in the field, the study of language, research into new technology and materials and attention detail at all levels of the design process.<\/p>\n<p>A small, all-round architectural studio that endeavours to bring the international architectural scene to the local region.<\/p>\n\t\t\t\t\t\t\t\t<\/div>\n\t\t\t\t<\/div>\n\t\t\t\t<div class=\"elementor-element elementor-element-1eae910 elementor-widget__width-inherit elementor-widget elementor-widget-text-editor\" data-id=\"1eae910\" data-element_type=\"widget\" data-e-type=\"widget\" data-widget_type=\"text-editor.default\">\n\t\t\t\t<div class=\"elementor-widget-container\">\n\t\t\t\t\t\t\t\t\t<p><strong>since 1998 \/ interns &amp; trainees since 1998 \/ internships &amp; traineeships<\/strong><\/p>\n\t\t\t\t\t\t\t\t<\/div>\n\t\t\t\t<\/div>\n\t\t\t\t<\/div>\n\t\t<div class=\"elementor-element elementor-element-1d29d203 e-con-full e-flex e-con e-child\" data-id=\"1d29d203\" data-element_type=\"container\" data-e-type=\"container\">\n\t\t\t\t<\/div>\n\t\t\t\t\t<\/div>\n\t\t\t\t<\/div>\n\t\t<div class=\"elementor-element elementor-element-cd9d75c e-flex e-con-boxed e-con e-parent\" data-id=\"cd9d75c\" data-element_type=\"container\" data-e-type=\"container\">\n\t\t\t\t\t<div class=\"e-con-inner\">\n\t\t\t\t<div class=\"elementor-element elementor-element-405c577 elementor-widget elementor-widget-html\" data-id=\"405c577\" data-element_type=\"widget\" data-e-type=\"widget\" data-widget_type=\"html.default\">\n\t\t\t\t<div class=\"elementor-widget-container\">\n\t\t\t\t\t<div class=\"chessboard\">\n  <!-- Italy -->\n  <div class=\"section-title\">from italy:<\/div>\n  <div class=\"square\" data-tooltip=\"Giorgia Alessandrini, Italy\">|IT|<\/div>\n<div class=\"square\" data-tooltip=\"Michela Agostini, Italy\">|IT|<\/div>\n<div class=\"square\" data-tooltip=\"Marcello Barzanti, Italy\">|IT|<\/div>\n<div class=\"square\" data-tooltip=\"Matteo Battistini, Italy\">|IT|<\/div>\n<div class=\"square\" data-tooltip=\"Giulia Belletti, Italy\">|IT|<\/div>\n<div class=\"square\" data-tooltip=\"Flavia Benigni, Italy\">|IT|<\/div>\n<div class=\"square\" data-tooltip=\"Filippo Bernabini, Italy\">|IT|<\/div>\n<div class=\"square\" data-tooltip=\"Edoardo Bernardi, Italy\">|IT|<\/div>\n<div class=\"square\" data-tooltip=\"Debora Bertoncini, Italy\">|IT|<\/div>\n<div class=\"square\" data-tooltip=\"Andrea Bianchi, Italy\">|IT|<\/div>\n<div class=\"square\" data-tooltip=\"Benedetta Boschetti, Italy\">|IT|<\/div>\n<div class=\"square\" data-tooltip=\"Claudia Cagneschi, Italy\">|IT|<\/div>\n<div class=\"square\" data-tooltip=\"Letizia Calderoni, Italy\">|IT|<\/div>\n<div class=\"square\" data-tooltip=\"Roberta Carrieri, Italy\">|IT|<\/div>\n<div class=\"square\" data-tooltip=\"Giulia Camporesi, Italy\">|IT|<\/div>\n<div class=\"square\" data-tooltip=\"Cristina Campri, Italy\">|IT|<\/div>\n<div class=\"square\" data-tooltip=\"Giulia Cannata, Italy\">|IT|<\/div>\n<div class=\"square\" data-tooltip=\"Maria Catalano, Italy\">|IT|<\/div>\n<div class=\"square\" data-tooltip=\"Luca Ceccarelli, Italy\">|IT|<\/div>\n<div class=\"square\" data-tooltip=\"Anna Chiericati, Italy\">|IT|<\/div>\n<div class=\"square\" data-tooltip=\"Ester Cimino, Italy\">|IT|<\/div>\n<div class=\"square\" data-tooltip=\"Ivan Comandini, Italy\">|IT|<\/div>\n<div class=\"square\" data-tooltip=\"Tommaso Cuni, Italy\">|IT|<\/div>\n<div class=\"square\" data-tooltip=\"Matteo Domeniconi, Italy\">|IT|<\/div>\n<div class=\"square\" data-tooltip=\"Andrea Donini, Italy\">|IT|<\/div>\n<div class=\"square\" data-tooltip=\"Elena Fantoni, Italy\">|IT|<\/div>\n<div class=\"square\" data-tooltip=\"Giulia Favaretto, Italy\">|IT|<\/div>\n<div class=\"square\" data-tooltip=\"Elisa Gentili, Italy\">|IT|<\/div>\n<div class=\"square\" data-tooltip=\"Stefano Gradassi, Italy\">|IT|<\/div>\n<div class=\"square\" data-tooltip=\"Benedetta Lucchi, Italy\">|IT|<\/div>\n<div class=\"square\" data-tooltip=\"Lella Lelli, Italy\">|IT|<\/div>\n<div class=\"square\" data-tooltip=\"Andrea Maroni, Italy\">|IT|<\/div>\n<div class=\"square\" data-tooltip=\"Federica Mattioli, Italy\">|IT|<\/div>\n<div class=\"square\" data-tooltip=\"Valentina Ongaro, Italy\">|IT|<\/div>\n<div class=\"square\" data-tooltip=\"Donata Papadia, Italy\">|IT|<\/div>\n<div class=\"square\" data-tooltip=\"Graziano Pompeo, Italy\">|IT|<\/div>\n<div class=\"square\" data-tooltip=\"Alba Portolani, Italy\">|IT|<\/div>\n<div class=\"square\" data-tooltip=\"Alessandra Ravaglia, Italy\">|IT|<\/div>\n<div class=\"square\" data-tooltip=\"Filippo Raggi, Italy\">|IT|<\/div>\n<div class=\"square\" data-tooltip=\"Marina Salerno, Italy\">|IT|<\/div>\n<div class=\"square\" data-tooltip=\"Clara Semprini, Italy\">|IT|<\/div>\n<div class=\"square\" data-tooltip=\"Elisabetta Socci, Italy\">|IT|<\/div>\n<div class=\"square\" data-tooltip=\"Elisa Stellacci, Italy\">|IT|<\/div>\n<div class=\"square\" data-tooltip=\"Marianna Tisselli, Italy\">|IT|<\/div>\n<div class=\"square\" data-tooltip=\"Filippo Tombaccini, Italy\">|IT|<\/div>\n<div class=\"square\" data-tooltip=\"Chiara Turci, Italy\">|IT|<\/div>\n<div class=\"square\" data-tooltip=\"Massimiliano Urbini, Italy\">|IT|<\/div>\n<div class=\"square\" data-tooltip=\"Giacomo Valzania, Italy\">|IT|<\/div>\n\n  <div class=\"break-line\"><\/div>\n\n  <!-- Europa -->\n  <div class=\"section-title\">from europe:<\/div>\n<div class=\"square\" data-tooltip=\"Laurent Borra, belgium\">|BE|<\/div>\n<div class=\"square\" data-tooltip=\"Ann de Craene, belgium\">|BE|<\/div>\n<div class=\"square\" data-tooltip=\"Dimitar Doychev, Bulgaria\">|BG|<\/div>\n<div class=\"square\" data-tooltip=\"Maria Theodorou, Cyprus\">|CY|<\/div>\n<div class=\"square\" data-tooltip=\"Leonie Meiings, Germany\">|DE|<\/div>\n<div class=\"square\" data-tooltip=\"Jorge Martinez-Atienza Castello, Spain\">|ES|<\/div>\n<div class=\"square\" data-tooltip=\"Mariana Martinez-Atienza Gonzalez, Spain\">|ES|<\/div>\n<div class=\"square\" data-tooltip=\"Carlos Hervas Gonzalez, Spain\">|ES|<\/div>\n<div class=\"square\" data-tooltip=\"Mireille Lattouf, Spain\">|ES|<\/div>\n<div class=\"square\" data-tooltip=\"Saul Martinez, Spain\">|ES|<\/div>\n<div class=\"square\" data-tooltip=\"Laure Jeandet, France\">|FR|<\/div>\n<div class=\"square\" data-tooltip=\"Estelle Prade, France\">|FR|<\/div>\n<div class=\"square\" data-tooltip=\"Amelie Vigneron, France\">|FR|<\/div>\n<div class=\"square\" data-tooltip=\"Milda D\u016bdonyt\u0117, Lithuania\">|LT|<\/div>\n<div class=\"square\" data-tooltip=\"Aist\u0117 Galaunyt\u0117, Lithuania\">|LT|<\/div>\n<div class=\"square\" data-tooltip=\"Gintare Gumenikovaite, Lithuania\">|LT|<\/div>\n<div class=\"square\" data-tooltip=\"Aurelija Jusaite, Lithuania\">|LT|<\/div>\n<div class=\"square\" data-tooltip=\"Ausrine Aurora Kezyte, Lithuania\">|LT|<\/div>\n<div class=\"square\" data-tooltip=\"Simona Kliuciute, Lithuania\">|LT|<\/div>\n<div class=\"square\" data-tooltip=\"Ugne Petrevaite\u0117, Lithuania\">|LT|<\/div>\n<div class=\"square\" data-tooltip=\"Ieva Ramonaite, Lithuania\">|LT|<\/div>\n<div class=\"square\" data-tooltip=\"Gabriel\u0117 Rinkevi\u010di\u016bt\u0117, Lithuania\">|LT|<\/div>\n<div class=\"square\" data-tooltip=\"Gabriele Seneckyte, Lithuania\">|LT|<\/div>\n<div class=\"square\" data-tooltip=\"Monika Trafimovaite, Lithuania\">|LT|<\/div>\n<div class=\"square\" data-tooltip=\"Marcin Dworzynski, Poland\">|PL|<\/div>\n<div class=\"square\" data-tooltip=\"Katarzyna Kosar, Poland\">|PL|<\/div>\n<div class=\"square\" data-tooltip=\"Kasia Kotulska, Poland\">|PL|<\/div>\n<div class=\"square\" data-tooltip=\"Marta \u0141ykowska, Poland\">|PL|<\/div>\n<div class=\"square\" data-tooltip=\"Martyna Palmowska, Poland\">|PL|<\/div>\n<div class=\"square\" data-tooltip=\"Anna Panasiewicz, Poland\">|PL|<\/div>\n<div class=\"square\" data-tooltip=\"Marta Strzalka, Poland\">|PL|<\/div>\n<div class=\"square\" data-tooltip=\"Katarzyna Zacharias, Poland\">|PL|<\/div>\n<div class=\"square\" data-tooltip=\"Tiago Branco, Portugal\">|PT|<\/div>\n<div class=\"square\" data-tooltip=\"Eduarda Cunha, Portugal\">|PT|<\/div>\n<div class=\"square\" data-tooltip=\"In\u00eas De Melo Losa Ferreira, Portugal\">|PT|<\/div>\n<div class=\"square\" data-tooltip=\"Rita Cerqueira Portela, Portugal\">|PT|<\/div>\n<div class=\"square\" data-tooltip=\"Raoul Sebastian Bologea, Romania\">|RO|<\/div>\n<div class=\"square\" data-tooltip=\"Alexandra Enescu, Romania\">|RO|<\/div>\n<div class=\"square\" data-tooltip=\"Anita-Ioana Perta, Romania\">|RO|<\/div>\n<div class=\"square\" data-tooltip=\"Diana Kochegarova, Russia\">|RU|<\/div>\n<div class=\"square\" data-tooltip=\"Milena Djinic, Serbia\">|RS|<\/div>\n<div class=\"square\" data-tooltip=\"Aleksandra Samcovic, Serbia\">|RS|<\/div>\n\n  <div class=\"break-line\"><\/div>\n\n  <!-- Asia -->\n  <div class=\"section-title\">from asia:<\/div>\n<div class=\"square\" data-tooltip=\"Swapnil Kangankar, India\">|IN|<\/div>\n<div class=\"square\" data-tooltip=\"Magdaleen Bahour, Lebanon\">|LB|<\/div>\n<div class=\"square\" data-tooltip=\"Souraya Fathallah, Lebanon\">|LB|<\/div>\n<div class=\"square\" data-tooltip=\"Duygu nur Be\u015fikci, T\u00fcrkiye\">|TR|<\/div>\n<div class=\"square\" data-tooltip=\"Dilara Canl\u0131, T\u00fcrkiye\">|TR|<\/div>\n<div class=\"square\" data-tooltip=\"\u00c7a\u011fla Cerit, T\u00fcrkiye\">|TR|<\/div>\n<div class=\"square\" data-tooltip=\"Duygu Gomceli ,T\u00fcrkiye\">|TR|<\/div>\n<div class=\"square\" data-tooltip=\"Basak Isik, T\u00fcrkiye\">|TR|<\/div>\n<div class=\"square\" data-tooltip=\"Leman Ismayilzade, T\u00fcrkiye\">|TR|<\/div>\n<div class=\"square\" data-tooltip=\"Arda Can Yildiz, T\u00fcrkiye\">|TR|<\/div>\n<div class=\"square\" data-tooltip=\"Le Hoang Khiem, Vietnam\">|VN|<\/div>\n\n  <div class=\"break-line\"><\/div>\n\n  <!-- America -->\n  <div class=\"section-title\">from america:<\/div>\n  <div class=\"square\" data-tooltip=\"Giovanna de Giacomo, Brazil\">|BR|<\/div>\n  <div class=\"square\" data-tooltip=\"Bruna Giusti, Brazil\">|BR|<\/div>\n  <div class=\"square\" data-tooltip=\"Arturo Del Razo Montiel, Mexico\">|MX|<\/div>\n  <div class=\"square\" data-tooltip=\"Christine Mitchell, USA\">|US|<\/div>\n  <div class=\"square\" data-tooltip=\"Ana Nicolich, USA\">|US|<\/div>\n  <div class=\"square\" data-tooltip=\"Nhu Q. Phan, USA\">|US|<\/div>\n  <!-- Continua per tutti gli americani -->\n\n  <div class=\"break-line\"><\/div>\n\n  <!-- Africa -->\n  <div class=\"section-title\">from africa:<\/div>\n  <div class=\"square\" data-tooltip=\"Mohamed Waigh Elboraey, Egypt\">|EG|<\/div>\n  <div class=\"square\" data-tooltip=\"Benard Aluma, Uganda\">|UG|<\/div>\n  <!-- Continua per tutti gli africani -->\n<\/div>\t\t\t\t<\/div>\n\t\t\t\t<\/div>\n\t\t\t\t<div class=\"elementor-element elementor-element-d2045f1 elementor-widget elementor-widget-spacer\" data-id=\"d2045f1\" data-element_type=\"widget\" data-e-type=\"widget\" data-widget_type=\"spacer.default\">\n\t\t\t\t<div class=\"elementor-widget-container\">\n\t\t\t\t\t\t\t<div class=\"elementor-spacer\">\n\t\t\t<div class=\"elementor-spacer-inner\"><\/div>\n\t\t<\/div>\n\t\t\t\t\t\t<\/div>\n\t\t\t\t<\/div>\n\t\t\t\t\t<\/div>\n\t\t\t\t<\/div>\n\t\t<div class=\"elementor-element elementor-element-1361bf6 e-flex e-con-boxed e-con e-parent\" data-id=\"1361bf6\" data-element_type=\"container\" data-e-type=\"container\">\n\t\t\t\t\t<div class=\"e-con-inner\">\n\t\t\t\t\t<\/div>\n\t\t\t\t<\/div>\n\t\t\t\t<\/div>\n\t\t","protected":false},"excerpt":{"rendered":"<p>about tissellistudioarchitetti was founded in 1998 by the architect Filippo Tisselli, who was joined in 2001 by the architect Cinzia Mondello. Architect Marcin Dworzynski has been collaborating with the studio since 2011. Over the years, the studio has worked on a variety of projects ranging from residential buildings to the service industry, from interior architecture [&hellip;]<\/p>\n","protected":false},"author":1,"featured_media":0,"parent":0,"menu_order":0,"comment_status":"closed","ping_status":"closed","template":"","meta":{"_acf_changed":false,"footnotes":""},"class_list":["post-3631","page","type-page","status-publish","hentry"],"acf":[],"_links":{"self":[{"href":"https:\/\/tissellistudio.com\/en\/wp-json\/wp\/v2\/pages\/3631","targetHints":{"allow":["GET"]}}],"collection":[{"href":"https:\/\/tissellistudio.com\/en\/wp-json\/wp\/v2\/pages"}],"about":[{"href":"https:\/\/tissellistudio.com\/en\/wp-json\/wp\/v2\/types\/page"}],"author":[{"embeddable":true,"href":"https:\/\/tissellistudio.com\/en\/wp-json\/wp\/v2\/users\/1"}],"replies":[{"embeddable":true,"href":"https:\/\/tissellistudio.com\/en\/wp-json\/wp\/v2\/comments?post=3631"}],"version-history":[{"count":0,"href":"https:\/\/tissellistudio.com\/en\/wp-json\/wp\/v2\/pages\/3631\/revisions"}],"wp:attachment":[{"href":"https:\/\/tissellistudio.com\/en\/wp-json\/wp\/v2\/media?parent=3631"}],"curies":[{"name":"wp","href":"https:\/\/api.w.org\/{rel}","templated":true}]}}